{"id":11,"date":"2018-05-04T20:08:16","date_gmt":"2018-05-04T18:08:16","guid":{"rendered":"http:\/\/emkaware-serwer.xaa.pl\/?page_id=11"},"modified":"2020-04-30T10:58:39","modified_gmt":"2020-04-30T08:58:39","slug":"sekcja-strony-glownej","status":"publish","type":"page","link":"https:\/\/emkaware.eu\/?page_id=11","title":{"rendered":"Android"},"content":{"rendered":"<p>Zajmuj\u0119 si\u0119 tworzeniem aplikacji dla systemu operacyjnego Android na ca\u0142\u0105 gam\u0119 urz\u0105dze\u0144 pracuj\u0105cych pod jego kontrol\u0105 zaczynaj\u0105c od smartfon\u00f3w, poprzez tablety, smartwatche, smartbandy czy android TV jak r\u00f3wnie\u017c Android AUTO.<\/p>\n<p>Mam do\u015bwiadczenie przy korzystaniu z r\u00f3\u017cnych technologii, m. in.:<\/p>\n<ul>\n<li>Us\u0142ugi Google Play<\/li>\n<li>Java<\/li>\n<li>Kotlin<\/li>\n<li>Dart<\/li>\n<li>Flutter<\/li>\n<li>Firebase<\/li>\n<li>Gradle<\/li>\n<li>Android Architecture Components<\/li>\n<li>Room<\/li>\n<li>Retrofit2<\/li>\n<li>Volley<\/li>\n<li>Picasso<\/li>\n<li>Glide<\/li>\n<li>OpenCV<\/li>\n<li>Android Jetpack<\/li>\n<li>i wiele wi\u0119cej!<\/li>\n<\/ul>\n\n\n<p><\/p>\n","protected":false},"excerpt":{"rendered":"<p>Zajmuj\u0119 si\u0119 tworzeniem aplikacji dla systemu operacyjnego Android na ca\u0142\u0105 gam\u0119 urz\u0105dze\u0144 pracuj\u0105cych pod jego kontrol\u0105 zaczynaj\u0105c od smartfon\u00f3w, poprzez tablety, smartwatche, smartbandy czy android TV jak r\u00f3wnie\u017c Android AUTO. Mam do\u015bwiadczenie przy korzystaniu z r\u00f3\u017cnych technologii, m. in.: Us\u0142ugi Google Play Java Kotlin Dart Flutter Firebase Gradle Android Architecture Components Room Retrofit2 Volley Picasso &hellip; <\/p>\n<p class=\"link-more\"><a href=\"https:\/\/emkaware.eu\/?page_id=11\" class=\"more-link\">Czytaj dalej<span class=\"screen-reader-text\"> \u201eAndroid\u201d<\/span><\/a><\/p>\n","protected":false},"author":1,"featured_media":106,"parent":0,"menu_order":0,"comment_status":"closed","ping_status":"closed","template":"","meta":{"footnotes":""},"class_list":["post-11","page","type-page","status-publish","has-post-thumbnail","hentry"],"yoast_head":"<!-- This site is optimized with the Yoast SEO plugin v27.4 - https:\/\/yoast.com\/product\/yoast-seo-wordpress\/ -->\n<title>Android &#187; EMKAWARE<\/title>\n<meta name=\"robots\" content=\"noindex, follow\" \/>\n<meta property=\"og:locale\" content=\"pl_PL\" \/>\n<meta property=\"og:type\" content=\"article\" \/>\n<meta property=\"og:title\" content=\"Android &#187; EMKAWARE\" \/>\n<meta property=\"og:description\" content=\"Zajmuj\u0119 si\u0119 tworzeniem aplikacji dla systemu operacyjnego Android na ca\u0142\u0105 gam\u0119 urz\u0105dze\u0144 pracuj\u0105cych pod jego kontrol\u0105 zaczynaj\u0105c od smartfon\u00f3w, poprzez tablety, smartwatche, smartbandy czy android TV jak r\u00f3wnie\u017c Android AUTO. Mam do\u015bwiadczenie przy korzystaniu z r\u00f3\u017cnych technologii, m. in.: Us\u0142ugi Google Play Java Kotlin Dart Flutter Firebase Gradle Android Architecture Components Room Retrofit2 Volley Picasso &hellip; Czytaj dalej \u201eAndroid\u201d\" \/>\n<meta property=\"og:url\" content=\"https:\/\/emkaware.eu\/?page_id=11\" \/>\n<meta property=\"og:site_name\" content=\"EMKAWARE\" \/>\n<meta property=\"article:modified_time\" content=\"2020-04-30T08:58:39+00:00\" \/>\n<meta property=\"og:image\" content=\"https:\/\/emkaware.eu\/wp-content\/uploads\/2018\/05\/user-interface-1655006.png\" \/>\n\t<meta property=\"og:image:width\" content=\"1920\" \/>\n\t<meta property=\"og:image:height\" content=\"974\" \/>\n\t<meta property=\"og:image:type\" content=\"image\/png\" \/>\n<meta name=\"twitter:card\" content=\"summary_large_image\" \/>\n<script type=\"application\/ld+json\" class=\"yoast-schema-graph\">{\"@context\":\"https:\\\/\\\/schema.org\",\"@graph\":[{\"@type\":\"WebPage\",\"@id\":\"https:\\\/\\\/emkaware.eu\\\/?page_id=11\",\"url\":\"https:\\\/\\\/emkaware.eu\\\/?page_id=11\",\"name\":\"Android &#187; EMKAWARE\",\"isPartOf\":{\"@id\":\"https:\\\/\\\/emkaware.eu\\\/#website\"},\"primaryImageOfPage\":{\"@id\":\"https:\\\/\\\/emkaware.eu\\\/?page_id=11#primaryimage\"},\"image\":{\"@id\":\"https:\\\/\\\/emkaware.eu\\\/?page_id=11#primaryimage\"},\"thumbnailUrl\":\"https:\\\/\\\/emkaware.eu\\\/wp-content\\\/uploads\\\/2018\\\/05\\\/user-interface-1655006.png\",\"datePublished\":\"2018-05-04T18:08:16+00:00\",\"dateModified\":\"2020-04-30T08:58:39+00:00\",\"breadcrumb\":{\"@id\":\"https:\\\/\\\/emkaware.eu\\\/?page_id=11#breadcrumb\"},\"inLanguage\":\"pl-PL\",\"potentialAction\":[{\"@type\":\"ReadAction\",\"target\":[\"https:\\\/\\\/emkaware.eu\\\/?page_id=11\"]}]},{\"@type\":\"ImageObject\",\"inLanguage\":\"pl-PL\",\"@id\":\"https:\\\/\\\/emkaware.eu\\\/?page_id=11#primaryimage\",\"url\":\"https:\\\/\\\/emkaware.eu\\\/wp-content\\\/uploads\\\/2018\\\/05\\\/user-interface-1655006.png\",\"contentUrl\":\"https:\\\/\\\/emkaware.eu\\\/wp-content\\\/uploads\\\/2018\\\/05\\\/user-interface-1655006.png\",\"width\":1920,\"height\":974},{\"@type\":\"BreadcrumbList\",\"@id\":\"https:\\\/\\\/emkaware.eu\\\/?page_id=11#breadcrumb\",\"itemListElement\":[{\"@type\":\"ListItem\",\"position\":1,\"name\":\"Strona g\u0142\u00f3wna\",\"item\":\"https:\\\/\\\/emkaware.eu\\\/\"},{\"@type\":\"ListItem\",\"position\":2,\"name\":\"Android\"}]},{\"@type\":\"WebSite\",\"@id\":\"https:\\\/\\\/emkaware.eu\\\/#website\",\"url\":\"https:\\\/\\\/emkaware.eu\\\/\",\"name\":\"EMKAWARE\",\"description\":\"Us\u0142ugi programistyczne Marcin Kucza\u0142a\",\"publisher\":{\"@id\":\"https:\\\/\\\/emkaware.eu\\\/#organization\"},\"potentialAction\":[{\"@type\":\"SearchAction\",\"target\":{\"@type\":\"EntryPoint\",\"urlTemplate\":\"https:\\\/\\\/emkaware.eu\\\/?s={search_term_string}\"},\"query-input\":{\"@type\":\"PropertyValueSpecification\",\"valueRequired\":true,\"valueName\":\"search_term_string\"}}],\"inLanguage\":\"pl-PL\"},{\"@type\":\"Organization\",\"@id\":\"https:\\\/\\\/emkaware.eu\\\/#organization\",\"name\":\"EMKAWARE\",\"url\":\"https:\\\/\\\/emkaware.eu\\\/\",\"logo\":{\"@type\":\"ImageObject\",\"inLanguage\":\"pl-PL\",\"@id\":\"https:\\\/\\\/emkaware.eu\\\/#\\\/schema\\\/logo\\\/image\\\/\",\"url\":\"https:\\\/\\\/emkaware.eu\\\/wp-content\\\/uploads\\\/2018\\\/05\\\/Logo-firmy-13-bez-t\u0142a.png\",\"contentUrl\":\"https:\\\/\\\/emkaware.eu\\\/wp-content\\\/uploads\\\/2018\\\/05\\\/Logo-firmy-13-bez-t\u0142a.png\",\"width\":3634,\"height\":963,\"caption\":\"EMKAWARE\"},\"image\":{\"@id\":\"https:\\\/\\\/emkaware.eu\\\/#\\\/schema\\\/logo\\\/image\\\/\"}}]}<\/script>\n<!-- \/ Yoast SEO plugin. -->","yoast_head_json":{"title":"Android &#187; EMKAWARE","robots":{"index":"noindex","follow":"follow"},"og_locale":"pl_PL","og_type":"article","og_title":"Android &#187; EMKAWARE","og_description":"Zajmuj\u0119 si\u0119 tworzeniem aplikacji dla systemu operacyjnego Android na ca\u0142\u0105 gam\u0119 urz\u0105dze\u0144 pracuj\u0105cych pod jego kontrol\u0105 zaczynaj\u0105c od smartfon\u00f3w, poprzez tablety, smartwatche, smartbandy czy android TV jak r\u00f3wnie\u017c Android AUTO. Mam do\u015bwiadczenie przy korzystaniu z r\u00f3\u017cnych technologii, m. in.: Us\u0142ugi Google Play Java Kotlin Dart Flutter Firebase Gradle Android Architecture Components Room Retrofit2 Volley Picasso &hellip; Czytaj dalej \u201eAndroid\u201d","og_url":"https:\/\/emkaware.eu\/?page_id=11","og_site_name":"EMKAWARE","article_modified_time":"2020-04-30T08:58:39+00:00","og_image":[{"width":1920,"height":974,"url":"https:\/\/emkaware.eu\/wp-content\/uploads\/2018\/05\/user-interface-1655006.png","type":"image\/png"}],"twitter_card":"summary_large_image","schema":{"@context":"https:\/\/schema.org","@graph":[{"@type":"WebPage","@id":"https:\/\/emkaware.eu\/?page_id=11","url":"https:\/\/emkaware.eu\/?page_id=11","name":"Android &#187; EMKAWARE","isPartOf":{"@id":"https:\/\/emkaware.eu\/#website"},"primaryImageOfPage":{"@id":"https:\/\/emkaware.eu\/?page_id=11#primaryimage"},"image":{"@id":"https:\/\/emkaware.eu\/?page_id=11#primaryimage"},"thumbnailUrl":"https:\/\/emkaware.eu\/wp-content\/uploads\/2018\/05\/user-interface-1655006.png","datePublished":"2018-05-04T18:08:16+00:00","dateModified":"2020-04-30T08:58:39+00:00","breadcrumb":{"@id":"https:\/\/emkaware.eu\/?page_id=11#breadcrumb"},"inLanguage":"pl-PL","potentialAction":[{"@type":"ReadAction","target":["https:\/\/emkaware.eu\/?page_id=11"]}]},{"@type":"ImageObject","inLanguage":"pl-PL","@id":"https:\/\/emkaware.eu\/?page_id=11#primaryimage","url":"https:\/\/emkaware.eu\/wp-content\/uploads\/2018\/05\/user-interface-1655006.png","contentUrl":"https:\/\/emkaware.eu\/wp-content\/uploads\/2018\/05\/user-interface-1655006.png","width":1920,"height":974},{"@type":"BreadcrumbList","@id":"https:\/\/emkaware.eu\/?page_id=11#breadcrumb","itemListElement":[{"@type":"ListItem","position":1,"name":"Strona g\u0142\u00f3wna","item":"https:\/\/emkaware.eu\/"},{"@type":"ListItem","position":2,"name":"Android"}]},{"@type":"WebSite","@id":"https:\/\/emkaware.eu\/#website","url":"https:\/\/emkaware.eu\/","name":"EMKAWARE","description":"Us\u0142ugi programistyczne Marcin Kucza\u0142a","publisher":{"@id":"https:\/\/emkaware.eu\/#organization"},"potentialAction":[{"@type":"SearchAction","target":{"@type":"EntryPoint","urlTemplate":"https:\/\/emkaware.eu\/?s={search_term_string}"},"query-input":{"@type":"PropertyValueSpecification","valueRequired":true,"valueName":"search_term_string"}}],"inLanguage":"pl-PL"},{"@type":"Organization","@id":"https:\/\/emkaware.eu\/#organization","name":"EMKAWARE","url":"https:\/\/emkaware.eu\/","logo":{"@type":"ImageObject","inLanguage":"pl-PL","@id":"https:\/\/emkaware.eu\/#\/schema\/logo\/image\/","url":"https:\/\/emkaware.eu\/wp-content\/uploads\/2018\/05\/Logo-firmy-13-bez-t\u0142a.png","contentUrl":"https:\/\/emkaware.eu\/wp-content\/uploads\/2018\/05\/Logo-firmy-13-bez-t\u0142a.png","width":3634,"height":963,"caption":"EMKAWARE"},"image":{"@id":"https:\/\/emkaware.eu\/#\/schema\/logo\/image\/"}}]}},"_links":{"self":[{"href":"https:\/\/emkaware.eu\/index.php?rest_route=\/wp\/v2\/pages\/11","targetHints":{"allow":["GET"]}}],"collection":[{"href":"https:\/\/emkaware.eu\/index.php?rest_route=\/wp\/v2\/pages"}],"about":[{"href":"https:\/\/emkaware.eu\/index.php?rest_route=\/wp\/v2\/types\/page"}],"author":[{"embeddable":true,"href":"https:\/\/emkaware.eu\/index.php?rest_route=\/wp\/v2\/users\/1"}],"replies":[{"embeddable":true,"href":"https:\/\/emkaware.eu\/index.php?rest_route=%2Fwp%2Fv2%2Fcomments&post=11"}],"version-history":[{"count":9,"href":"https:\/\/emkaware.eu\/index.php?rest_route=\/wp\/v2\/pages\/11\/revisions"}],"predecessor-version":[{"id":196,"href":"https:\/\/emkaware.eu\/index.php?rest_route=\/wp\/v2\/pages\/11\/revisions\/196"}],"wp:featuredmedia":[{"embeddable":true,"href":"https:\/\/emkaware.eu\/index.php?rest_route=\/wp\/v2\/media\/106"}],"wp:attachment":[{"href":"https:\/\/emkaware.eu\/index.php?rest_route=%2Fwp%2Fv2%2Fmedia&parent=11"}],"curies":[{"name":"wp","href":"https:\/\/api.w.org\/{rel}","templated":true}]}}