{"id":185,"date":"2020-06-08T14:09:15","date_gmt":"2020-06-08T12:09:15","guid":{"rendered":"https:\/\/emkaware.eu\/?page_id=185"},"modified":"2020-06-08T14:09:15","modified_gmt":"2020-06-08T12:09:15","slug":"polityka-prywatnosci","status":"publish","type":"page","link":"https:\/\/emkaware.eu\/?page_id=185","title":{"rendered":"Polityka prywatno\u015bci"},"content":{"rendered":"\n<p>Firma EMKAWARE Us\u0142ugi Programistyczne Marcin Kucza\u0142a szanuje prawo u\u017cytkownik\u00f3w aplikacji przez ni\u0105 stworzonych\u00a0 do prywatno\u015bci i o\u015bwiadcza, \u017ce dok\u0142ada wszelkich stara\u0144, aby nie gromadzi\u0107 \u017cadnych danych opr\u00f3cz tych, kt\u00f3re s\u0105 konieczne do prawid\u0142owego funkcjonowania aplikacji lub tych, kt\u00f3rych gromadzenie ma na celu zwi\u0119kszenie u\u017cyteczno\u015bci produkt\u00f3w firmy.<\/p>\n\n\n\n<p>1. Wszelkie dane, kt\u00f3re mog\u0142yby w jakikolwiek spos\u00f3b pozwoli\u0107 na identyfikacj\u0119 (ustalenie to\u017csamo\u015bci) U\u017cytkownika, nie s\u0105 gromadzone przez aplikacj\u0119 ani udost\u0119pniane przez Us\u0142ugodawc\u0119 jakimkolwiek osobom trzecim.<\/p>\n\n\n\n<p>2. EMKAWARE Us\u0142ugi Programistyczne Marcin Kucza\u0142a informuje, i\u017c podczas u\u017cytkowania aplikacji z poziomu urz\u0105dzenia z systemem Android zapisywane s\u0105 tylko tymczasowe dane na urz\u0105dzeniu klienta.<\/p>\n\n\n\n<p>3. Aplikacje anonimowo zbieraj\u0105 dane statystyczne dotycz\u0105ce m.in. wydajno\u015bci ich funkcjonowania na urz\u0105dzeniu czy danych udost\u0119pnianych przez system Android. W aplikacjach za zbieranie danych statystycznych oraz sposobu u\u017cytkowania aplikacji odpowiedzialne s\u0105 nast\u0119puj\u0105ce us\u0142ugi:<\/p>\n\n\n\n<ul class=\"wp-block-list\"><li>us\u0142uga Google Analytics, kt\u00f3rej w\u0142a\u015bcicielem jest firma Google inc.\u00a0<a href=\"https:\/\/policies.google.com\/privacy?hl=pl\">Polityka prywatno\u015bci us\u0142ug Google.<\/a><\/li><li>us\u0142uga Crashlytics b\u0119d\u0105ca cz\u0119\u015bci\u0105 platformy Firebase firmy Google Inc.\u00a0<a href=\"https:\/\/firebase.google.com\/support\/privacy\">Polityka prywatno\u015bci Firebase.<\/a>\u00a0<\/li><\/ul>\n\n\n\n<p>6. Aplikacja Simmetry dla systemu Android korzysta z nast\u0119puj\u0105cych uprawnie\u0144:<\/p>\n\n\n\n<ul class=\"wp-block-list\"><li>Dost\u0119p do stanu WiFi &#8211; umo\u017cliwia monitorowanie czy urz\u0105dzenie jest pod\u0142\u0105czone do sieci WiFi, bez kt\u00f3rego aplikacja nie mo\u017ce dzia\u0142a\u0107 poprawnie oraz przypominanie U\u017cytkownikowi, aby si\u0119 z tak\u0105 sieci\u0105 po\u0142\u0105czy\u0142 w przypadku zerwania lub braku po\u0142\u0105czenia.<\/li><li>Us\u0142uga pierwszoplanowa &#8211; umo\u017cliwia uruchamianie kluczowych funkcji aplikacji zgodnie z panuj\u0105cymi zaleceniami dla tworzenia aplikacji na system Android.<\/li><li>Internet &#8211; umo\u017cliwia niezb\u0119dn\u0105 \u0142\u0105czno\u015b\u0107 z urz\u0105dzeniem, kt\u00f3re udost\u0119pnia dane do wy\u015bwietlenia w aplikacji.<\/li><li>Blokada budzenia &#8211; zapobiega wygaszaniu ekranu podczas pracy aplikacji.<\/li><\/ul>\n\n\n\n<p>W razie pyta\u0144 s\u0142u\u017cymy pomoc\u0105 \u2013 skontaktuj si\u0119 z nami pod adresem <a href=\"mailto:kontakt@emkaware.eu\">kontakt@emkaware.eu<\/a>.<\/p>\n","protected":false},"excerpt":{"rendered":"<p>Firma EMKAWARE Us\u0142ugi Programistyczne Marcin Kucza\u0142a szanuje prawo u\u017cytkownik\u00f3w aplikacji przez ni\u0105 stworzonych\u00a0 do prywatno\u015bci i o\u015bwiadcza, \u017ce dok\u0142ada wszelkich stara\u0144, aby nie gromadzi\u0107 \u017cadnych danych opr\u00f3cz tych, kt\u00f3re s\u0105 konieczne do prawid\u0142owego funkcjonowania aplikacji lub tych, kt\u00f3rych gromadzenie ma na celu zwi\u0119kszenie u\u017cyteczno\u015bci produkt\u00f3w firmy. 1. Wszelkie dane, kt\u00f3re mog\u0142yby w jakikolwiek spos\u00f3b pozwoli\u0107 &hellip; <\/p>\n<p class=\"link-more\"><a href=\"https:\/\/emkaware.eu\/?page_id=185\" class=\"more-link\">Czytaj dalej<span class=\"screen-reader-text\"> \u201ePolityka prywatno\u015bci\u201d<\/span><\/a><\/p>\n","protected":false},"author":1,"featured_media":0,"parent":0,"menu_order":0,"comment_status":"closed","ping_status":"closed","template":"","meta":{"footnotes":""},"class_list":["post-185","page","type-page","status-publish","hentry"],"yoast_head":"<!-- This site is optimized with the Yoast SEO plugin v27.4 - https:\/\/yoast.com\/product\/yoast-seo-wordpress\/ -->\n<title>Polityka prywatno\u015bci &#187; EMKAWARE<\/title>\n<meta name=\"robots\" content=\"noindex, follow\" \/>\n<meta property=\"og:locale\" content=\"pl_PL\" \/>\n<meta property=\"og:type\" content=\"article\" \/>\n<meta property=\"og:title\" content=\"Polityka prywatno\u015bci &#187; EMKAWARE\" \/>\n<meta property=\"og:description\" content=\"Firma EMKAWARE Us\u0142ugi Programistyczne Marcin Kucza\u0142a szanuje prawo u\u017cytkownik\u00f3w aplikacji przez ni\u0105 stworzonych\u00a0 do prywatno\u015bci i o\u015bwiadcza, \u017ce dok\u0142ada wszelkich stara\u0144, aby nie gromadzi\u0107 \u017cadnych danych opr\u00f3cz tych, kt\u00f3re s\u0105 konieczne do prawid\u0142owego funkcjonowania aplikacji lub tych, kt\u00f3rych gromadzenie ma na celu zwi\u0119kszenie u\u017cyteczno\u015bci produkt\u00f3w firmy. 1. Wszelkie dane, kt\u00f3re mog\u0142yby w jakikolwiek spos\u00f3b pozwoli\u0107 &hellip; Czytaj dalej \u201ePolityka prywatno\u015bci\u201d\" \/>\n<meta property=\"og:url\" content=\"https:\/\/emkaware.eu\/?page_id=185\" \/>\n<meta property=\"og:site_name\" content=\"EMKAWARE\" \/>\n<meta name=\"twitter:card\" content=\"summary_large_image\" \/>\n<meta name=\"twitter:label1\" content=\"Szacowany czas czytania\" \/>\n\t<meta name=\"twitter:data1\" content=\"2 minuty\" \/>\n<script type=\"application\/ld+json\" class=\"yoast-schema-graph\">{\"@context\":\"https:\\\/\\\/schema.org\",\"@graph\":[{\"@type\":\"WebPage\",\"@id\":\"https:\\\/\\\/emkaware.eu\\\/?page_id=185\",\"url\":\"https:\\\/\\\/emkaware.eu\\\/?page_id=185\",\"name\":\"Polityka prywatno\u015bci &#187; EMKAWARE\",\"isPartOf\":{\"@id\":\"https:\\\/\\\/emkaware.eu\\\/#website\"},\"datePublished\":\"2020-06-08T12:09:15+00:00\",\"breadcrumb\":{\"@id\":\"https:\\\/\\\/emkaware.eu\\\/?page_id=185#breadcrumb\"},\"inLanguage\":\"pl-PL\",\"potentialAction\":[{\"@type\":\"ReadAction\",\"target\":[\"https:\\\/\\\/emkaware.eu\\\/?page_id=185\"]}]},{\"@type\":\"BreadcrumbList\",\"@id\":\"https:\\\/\\\/emkaware.eu\\\/?page_id=185#breadcrumb\",\"itemListElement\":[{\"@type\":\"ListItem\",\"position\":1,\"name\":\"Strona g\u0142\u00f3wna\",\"item\":\"https:\\\/\\\/emkaware.eu\\\/\"},{\"@type\":\"ListItem\",\"position\":2,\"name\":\"Polityka prywatno\u015bci\"}]},{\"@type\":\"WebSite\",\"@id\":\"https:\\\/\\\/emkaware.eu\\\/#website\",\"url\":\"https:\\\/\\\/emkaware.eu\\\/\",\"name\":\"EMKAWARE\",\"description\":\"Us\u0142ugi programistyczne Marcin Kucza\u0142a\",\"publisher\":{\"@id\":\"https:\\\/\\\/emkaware.eu\\\/#organization\"},\"potentialAction\":[{\"@type\":\"SearchAction\",\"target\":{\"@type\":\"EntryPoint\",\"urlTemplate\":\"https:\\\/\\\/emkaware.eu\\\/?s={search_term_string}\"},\"query-input\":{\"@type\":\"PropertyValueSpecification\",\"valueRequired\":true,\"valueName\":\"search_term_string\"}}],\"inLanguage\":\"pl-PL\"},{\"@type\":\"Organization\",\"@id\":\"https:\\\/\\\/emkaware.eu\\\/#organization\",\"name\":\"EMKAWARE\",\"url\":\"https:\\\/\\\/emkaware.eu\\\/\",\"logo\":{\"@type\":\"ImageObject\",\"inLanguage\":\"pl-PL\",\"@id\":\"https:\\\/\\\/emkaware.eu\\\/#\\\/schema\\\/logo\\\/image\\\/\",\"url\":\"https:\\\/\\\/emkaware.eu\\\/wp-content\\\/uploads\\\/2018\\\/05\\\/Logo-firmy-13-bez-t\u0142a.png\",\"contentUrl\":\"https:\\\/\\\/emkaware.eu\\\/wp-content\\\/uploads\\\/2018\\\/05\\\/Logo-firmy-13-bez-t\u0142a.png\",\"width\":3634,\"height\":963,\"caption\":\"EMKAWARE\"},\"image\":{\"@id\":\"https:\\\/\\\/emkaware.eu\\\/#\\\/schema\\\/logo\\\/image\\\/\"}}]}<\/script>\n<!-- \/ Yoast SEO plugin. -->","yoast_head_json":{"title":"Polityka prywatno\u015bci &#187; EMKAWARE","robots":{"index":"noindex","follow":"follow"},"og_locale":"pl_PL","og_type":"article","og_title":"Polityka prywatno\u015bci &#187; EMKAWARE","og_description":"Firma EMKAWARE Us\u0142ugi Programistyczne Marcin Kucza\u0142a szanuje prawo u\u017cytkownik\u00f3w aplikacji przez ni\u0105 stworzonych\u00a0 do prywatno\u015bci i o\u015bwiadcza, \u017ce dok\u0142ada wszelkich stara\u0144, aby nie gromadzi\u0107 \u017cadnych danych opr\u00f3cz tych, kt\u00f3re s\u0105 konieczne do prawid\u0142owego funkcjonowania aplikacji lub tych, kt\u00f3rych gromadzenie ma na celu zwi\u0119kszenie u\u017cyteczno\u015bci produkt\u00f3w firmy. 1. Wszelkie dane, kt\u00f3re mog\u0142yby w jakikolwiek spos\u00f3b pozwoli\u0107 &hellip; Czytaj dalej \u201ePolityka prywatno\u015bci\u201d","og_url":"https:\/\/emkaware.eu\/?page_id=185","og_site_name":"EMKAWARE","twitter_card":"summary_large_image","twitter_misc":{"Szacowany czas czytania":"2 minuty"},"schema":{"@context":"https:\/\/schema.org","@graph":[{"@type":"WebPage","@id":"https:\/\/emkaware.eu\/?page_id=185","url":"https:\/\/emkaware.eu\/?page_id=185","name":"Polityka prywatno\u015bci &#187; EMKAWARE","isPartOf":{"@id":"https:\/\/emkaware.eu\/#website"},"datePublished":"2020-06-08T12:09:15+00:00","breadcrumb":{"@id":"https:\/\/emkaware.eu\/?page_id=185#breadcrumb"},"inLanguage":"pl-PL","potentialAction":[{"@type":"ReadAction","target":["https:\/\/emkaware.eu\/?page_id=185"]}]},{"@type":"BreadcrumbList","@id":"https:\/\/emkaware.eu\/?page_id=185#breadcrumb","itemListElement":[{"@type":"ListItem","position":1,"name":"Strona g\u0142\u00f3wna","item":"https:\/\/emkaware.eu\/"},{"@type":"ListItem","position":2,"name":"Polityka prywatno\u015bci"}]},{"@type":"WebSite","@id":"https:\/\/emkaware.eu\/#website","url":"https:\/\/emkaware.eu\/","name":"EMKAWARE","description":"Us\u0142ugi programistyczne Marcin Kucza\u0142a","publisher":{"@id":"https:\/\/emkaware.eu\/#organization"},"potentialAction":[{"@type":"SearchAction","target":{"@type":"EntryPoint","urlTemplate":"https:\/\/emkaware.eu\/?s={search_term_string}"},"query-input":{"@type":"PropertyValueSpecification","valueRequired":true,"valueName":"search_term_string"}}],"inLanguage":"pl-PL"},{"@type":"Organization","@id":"https:\/\/emkaware.eu\/#organization","name":"EMKAWARE","url":"https:\/\/emkaware.eu\/","logo":{"@type":"ImageObject","inLanguage":"pl-PL","@id":"https:\/\/emkaware.eu\/#\/schema\/logo\/image\/","url":"https:\/\/emkaware.eu\/wp-content\/uploads\/2018\/05\/Logo-firmy-13-bez-t\u0142a.png","contentUrl":"https:\/\/emkaware.eu\/wp-content\/uploads\/2018\/05\/Logo-firmy-13-bez-t\u0142a.png","width":3634,"height":963,"caption":"EMKAWARE"},"image":{"@id":"https:\/\/emkaware.eu\/#\/schema\/logo\/image\/"}}]}},"_links":{"self":[{"href":"https:\/\/emkaware.eu\/index.php?rest_route=\/wp\/v2\/pages\/185","targetHints":{"allow":["GET"]}}],"collection":[{"href":"https:\/\/emkaware.eu\/index.php?rest_route=\/wp\/v2\/pages"}],"about":[{"href":"https:\/\/emkaware.eu\/index.php?rest_route=\/wp\/v2\/types\/page"}],"author":[{"embeddable":true,"href":"https:\/\/emkaware.eu\/index.php?rest_route=\/wp\/v2\/users\/1"}],"replies":[{"embeddable":true,"href":"https:\/\/emkaware.eu\/index.php?rest_route=%2Fwp%2Fv2%2Fcomments&post=185"}],"version-history":[{"count":1,"href":"https:\/\/emkaware.eu\/index.php?rest_route=\/wp\/v2\/pages\/185\/revisions"}],"predecessor-version":[{"id":186,"href":"https:\/\/emkaware.eu\/index.php?rest_route=\/wp\/v2\/pages\/185\/revisions\/186"}],"wp:attachment":[{"href":"https:\/\/emkaware.eu\/index.php?rest_route=%2Fwp%2Fv2%2Fmedia&parent=185"}],"curies":[{"name":"wp","href":"https:\/\/api.w.org\/{rel}","templated":true}]}}