{"id":8,"date":"2018-05-04T20:08:16","date_gmt":"2018-05-04T18:08:16","guid":{"rendered":"http:\/\/emkaware-serwer.xaa.pl\/?page_id=8"},"modified":"2022-06-18T15:01:34","modified_gmt":"2022-06-18T13:01:34","slug":"o-nas","status":"publish","type":"page","link":"https:\/\/emkaware.eu\/?page_id=8","title":{"rendered":"iOS"},"content":{"rendered":"<p>Jako wszechstronny programista aplikacji mobilnych w moim portfolio znajduje si\u0119 r\u00f3wnie\u017c umiej\u0119tno\u015b\u0107 tworzenia aplikacji dla systemu iOS.<\/p>\n<p>W tym \u015brodowisku pos\u0142uguj\u0119 si\u0119 technologiami takimi jak:<\/p>\n<ul>\n<li>Swift<\/li>\n<li>UIKit<\/li>\n<li>SwiftUI<\/li>\n<li>CoreData<\/li>\n<li>SDWebImage<\/li>\n<li>CocoaPods<\/li>\n<li>Swift Package Manager<\/li>\n<li>Git<\/li>\n<\/ul>\n","protected":false},"excerpt":{"rendered":"<p>Jako wszechstronny programista aplikacji mobilnych w moim portfolio znajduje si\u0119 r\u00f3wnie\u017c umiej\u0119tno\u015b\u0107 tworzenia aplikacji dla systemu iOS. W tym \u015brodowisku pos\u0142uguj\u0119 si\u0119 technologiami takimi jak: Swift UIKit SwiftUI CoreData SDWebImage CocoaPods Swift Package Manager Git<\/p>\n","protected":false},"author":1,"featured_media":105,"parent":0,"menu_order":0,"comment_status":"closed","ping_status":"closed","template":"","meta":{"footnotes":""},"class_list":["post-8","page","type-page","status-publish","has-post-thumbnail","hentry"],"yoast_head":"<!-- This site is optimized with the Yoast SEO plugin v27.4 - https:\/\/yoast.com\/product\/yoast-seo-wordpress\/ -->\n<title>iOS &#187; EMKAWARE<\/title>\n<meta name=\"robots\" content=\"noindex, follow\" \/>\n<meta property=\"og:locale\" content=\"pl_PL\" \/>\n<meta property=\"og:type\" content=\"article\" \/>\n<meta property=\"og:title\" content=\"iOS &#187; EMKAWARE\" \/>\n<meta property=\"og:description\" content=\"Jako wszechstronny programista aplikacji mobilnych w moim portfolio znajduje si\u0119 r\u00f3wnie\u017c umiej\u0119tno\u015b\u0107 tworzenia aplikacji dla systemu iOS. W tym \u015brodowisku pos\u0142uguj\u0119 si\u0119 technologiami takimi jak: Swift UIKit SwiftUI CoreData SDWebImage CocoaPods Swift Package Manager Git\" \/>\n<meta property=\"og:url\" content=\"https:\/\/emkaware.eu\/?page_id=8\" \/>\n<meta property=\"og:site_name\" content=\"EMKAWARE\" \/>\n<meta property=\"article:modified_time\" content=\"2022-06-18T13:01:34+00:00\" \/>\n<meta property=\"og:image\" content=\"https:\/\/emkaware.eu\/wp-content\/uploads\/2018\/05\/website-1624028.png\" \/>\n\t<meta property=\"og:image:width\" content=\"1920\" \/>\n\t<meta property=\"og:image:height\" content=\"1518\" \/>\n\t<meta property=\"og:image:type\" content=\"image\/png\" \/>\n<meta name=\"twitter:card\" content=\"summary_large_image\" \/>\n<meta name=\"twitter:label1\" content=\"Szacowany czas czytania\" \/>\n\t<meta name=\"twitter:data1\" content=\"1 minuta\" \/>\n<script type=\"application\/ld+json\" class=\"yoast-schema-graph\">{\"@context\":\"https:\\\/\\\/schema.org\",\"@graph\":[{\"@type\":\"WebPage\",\"@id\":\"https:\\\/\\\/emkaware.eu\\\/?page_id=8\",\"url\":\"https:\\\/\\\/emkaware.eu\\\/?page_id=8\",\"name\":\"iOS &#187; EMKAWARE\",\"isPartOf\":{\"@id\":\"https:\\\/\\\/emkaware.eu\\\/#website\"},\"primaryImageOfPage\":{\"@id\":\"https:\\\/\\\/emkaware.eu\\\/?page_id=8#primaryimage\"},\"image\":{\"@id\":\"https:\\\/\\\/emkaware.eu\\\/?page_id=8#primaryimage\"},\"thumbnailUrl\":\"https:\\\/\\\/emkaware.eu\\\/wp-content\\\/uploads\\\/2018\\\/05\\\/website-1624028.png\",\"datePublished\":\"2018-05-04T18:08:16+00:00\",\"dateModified\":\"2022-06-18T13:01:34+00:00\",\"breadcrumb\":{\"@id\":\"https:\\\/\\\/emkaware.eu\\\/?page_id=8#breadcrumb\"},\"inLanguage\":\"pl-PL\",\"potentialAction\":[{\"@type\":\"ReadAction\",\"target\":[\"https:\\\/\\\/emkaware.eu\\\/?page_id=8\"]}]},{\"@type\":\"ImageObject\",\"inLanguage\":\"pl-PL\",\"@id\":\"https:\\\/\\\/emkaware.eu\\\/?page_id=8#primaryimage\",\"url\":\"https:\\\/\\\/emkaware.eu\\\/wp-content\\\/uploads\\\/2018\\\/05\\\/website-1624028.png\",\"contentUrl\":\"https:\\\/\\\/emkaware.eu\\\/wp-content\\\/uploads\\\/2018\\\/05\\\/website-1624028.png\",\"width\":1920,\"height\":1518},{\"@type\":\"BreadcrumbList\",\"@id\":\"https:\\\/\\\/emkaware.eu\\\/?page_id=8#breadcrumb\",\"itemListElement\":[{\"@type\":\"ListItem\",\"position\":1,\"name\":\"Strona g\u0142\u00f3wna\",\"item\":\"https:\\\/\\\/emkaware.eu\\\/\"},{\"@type\":\"ListItem\",\"position\":2,\"name\":\"iOS\"}]},{\"@type\":\"WebSite\",\"@id\":\"https:\\\/\\\/emkaware.eu\\\/#website\",\"url\":\"https:\\\/\\\/emkaware.eu\\\/\",\"name\":\"EMKAWARE\",\"description\":\"Us\u0142ugi programistyczne Marcin Kucza\u0142a\",\"publisher\":{\"@id\":\"https:\\\/\\\/emkaware.eu\\\/#organization\"},\"potentialAction\":[{\"@type\":\"SearchAction\",\"target\":{\"@type\":\"EntryPoint\",\"urlTemplate\":\"https:\\\/\\\/emkaware.eu\\\/?s={search_term_string}\"},\"query-input\":{\"@type\":\"PropertyValueSpecification\",\"valueRequired\":true,\"valueName\":\"search_term_string\"}}],\"inLanguage\":\"pl-PL\"},{\"@type\":\"Organization\",\"@id\":\"https:\\\/\\\/emkaware.eu\\\/#organization\",\"name\":\"EMKAWARE\",\"url\":\"https:\\\/\\\/emkaware.eu\\\/\",\"logo\":{\"@type\":\"ImageObject\",\"inLanguage\":\"pl-PL\",\"@id\":\"https:\\\/\\\/emkaware.eu\\\/#\\\/schema\\\/logo\\\/image\\\/\",\"url\":\"https:\\\/\\\/emkaware.eu\\\/wp-content\\\/uploads\\\/2018\\\/05\\\/Logo-firmy-13-bez-t\u0142a.png\",\"contentUrl\":\"https:\\\/\\\/emkaware.eu\\\/wp-content\\\/uploads\\\/2018\\\/05\\\/Logo-firmy-13-bez-t\u0142a.png\",\"width\":3634,\"height\":963,\"caption\":\"EMKAWARE\"},\"image\":{\"@id\":\"https:\\\/\\\/emkaware.eu\\\/#\\\/schema\\\/logo\\\/image\\\/\"}}]}<\/script>\n<!-- \/ Yoast SEO plugin. -->","yoast_head_json":{"title":"iOS &#187; EMKAWARE","robots":{"index":"noindex","follow":"follow"},"og_locale":"pl_PL","og_type":"article","og_title":"iOS &#187; EMKAWARE","og_description":"Jako wszechstronny programista aplikacji mobilnych w moim portfolio znajduje si\u0119 r\u00f3wnie\u017c umiej\u0119tno\u015b\u0107 tworzenia aplikacji dla systemu iOS. W tym \u015brodowisku pos\u0142uguj\u0119 si\u0119 technologiami takimi jak: Swift UIKit SwiftUI CoreData SDWebImage CocoaPods Swift Package Manager Git","og_url":"https:\/\/emkaware.eu\/?page_id=8","og_site_name":"EMKAWARE","article_modified_time":"2022-06-18T13:01:34+00:00","og_image":[{"width":1920,"height":1518,"url":"https:\/\/emkaware.eu\/wp-content\/uploads\/2018\/05\/website-1624028.png","type":"image\/png"}],"twitter_card":"summary_large_image","twitter_misc":{"Szacowany czas czytania":"1 minuta"},"schema":{"@context":"https:\/\/schema.org","@graph":[{"@type":"WebPage","@id":"https:\/\/emkaware.eu\/?page_id=8","url":"https:\/\/emkaware.eu\/?page_id=8","name":"iOS &#187; EMKAWARE","isPartOf":{"@id":"https:\/\/emkaware.eu\/#website"},"primaryImageOfPage":{"@id":"https:\/\/emkaware.eu\/?page_id=8#primaryimage"},"image":{"@id":"https:\/\/emkaware.eu\/?page_id=8#primaryimage"},"thumbnailUrl":"https:\/\/emkaware.eu\/wp-content\/uploads\/2018\/05\/website-1624028.png","datePublished":"2018-05-04T18:08:16+00:00","dateModified":"2022-06-18T13:01:34+00:00","breadcrumb":{"@id":"https:\/\/emkaware.eu\/?page_id=8#breadcrumb"},"inLanguage":"pl-PL","potentialAction":[{"@type":"ReadAction","target":["https:\/\/emkaware.eu\/?page_id=8"]}]},{"@type":"ImageObject","inLanguage":"pl-PL","@id":"https:\/\/emkaware.eu\/?page_id=8#primaryimage","url":"https:\/\/emkaware.eu\/wp-content\/uploads\/2018\/05\/website-1624028.png","contentUrl":"https:\/\/emkaware.eu\/wp-content\/uploads\/2018\/05\/website-1624028.png","width":1920,"height":1518},{"@type":"BreadcrumbList","@id":"https:\/\/emkaware.eu\/?page_id=8#breadcrumb","itemListElement":[{"@type":"ListItem","position":1,"name":"Strona g\u0142\u00f3wna","item":"https:\/\/emkaware.eu\/"},{"@type":"ListItem","position":2,"name":"iOS"}]},{"@type":"WebSite","@id":"https:\/\/emkaware.eu\/#website","url":"https:\/\/emkaware.eu\/","name":"EMKAWARE","description":"Us\u0142ugi programistyczne Marcin Kucza\u0142a","publisher":{"@id":"https:\/\/emkaware.eu\/#organization"},"potentialAction":[{"@type":"SearchAction","target":{"@type":"EntryPoint","urlTemplate":"https:\/\/emkaware.eu\/?s={search_term_string}"},"query-input":{"@type":"PropertyValueSpecification","valueRequired":true,"valueName":"search_term_string"}}],"inLanguage":"pl-PL"},{"@type":"Organization","@id":"https:\/\/emkaware.eu\/#organization","name":"EMKAWARE","url":"https:\/\/emkaware.eu\/","logo":{"@type":"ImageObject","inLanguage":"pl-PL","@id":"https:\/\/emkaware.eu\/#\/schema\/logo\/image\/","url":"https:\/\/emkaware.eu\/wp-content\/uploads\/2018\/05\/Logo-firmy-13-bez-t\u0142a.png","contentUrl":"https:\/\/emkaware.eu\/wp-content\/uploads\/2018\/05\/Logo-firmy-13-bez-t\u0142a.png","width":3634,"height":963,"caption":"EMKAWARE"},"image":{"@id":"https:\/\/emkaware.eu\/#\/schema\/logo\/image\/"}}]}},"_links":{"self":[{"href":"https:\/\/emkaware.eu\/index.php?rest_route=\/wp\/v2\/pages\/8","targetHints":{"allow":["GET"]}}],"collection":[{"href":"https:\/\/emkaware.eu\/index.php?rest_route=\/wp\/v2\/pages"}],"about":[{"href":"https:\/\/emkaware.eu\/index.php?rest_route=\/wp\/v2\/types\/page"}],"author":[{"embeddable":true,"href":"https:\/\/emkaware.eu\/index.php?rest_route=\/wp\/v2\/users\/1"}],"replies":[{"embeddable":true,"href":"https:\/\/emkaware.eu\/index.php?rest_route=%2Fwp%2Fv2%2Fcomments&post=8"}],"version-history":[{"count":4,"href":"https:\/\/emkaware.eu\/index.php?rest_route=\/wp\/v2\/pages\/8\/revisions"}],"predecessor-version":[{"id":200,"href":"https:\/\/emkaware.eu\/index.php?rest_route=\/wp\/v2\/pages\/8\/revisions\/200"}],"wp:featuredmedia":[{"embeddable":true,"href":"https:\/\/emkaware.eu\/index.php?rest_route=\/wp\/v2\/media\/105"}],"wp:attachment":[{"href":"https:\/\/emkaware.eu\/index.php?rest_route=%2Fwp%2Fv2%2Fmedia&parent=8"}],"curies":[{"name":"wp","href":"https:\/\/api.w.org\/{rel}","templated":true}]}}