{"id":87,"date":"2018-05-15T11:21:42","date_gmt":"2018-05-15T09:21:42","guid":{"rendered":"http:\/\/emkaware.eu\/?page_id=87"},"modified":"2022-06-18T15:04:31","modified_gmt":"2022-06-18T13:04:31","slug":"i-nie-tylko","status":"publish","type":"page","link":"https:\/\/emkaware.eu\/?page_id=87","title":{"rendered":"&#8230; i nie tylko"},"content":{"rendered":"<p>Je\u017celi potrzebujesz pomocy z projektem zwi\u0105zanym z programowaniem &#8211; ch\u0119tnie pomog\u0119.<\/p>\n<p>Posiadam wiedz\u0119 z zakresu pos\u0142ugiwania si\u0119 j\u0119zykami programowania takimi jak Kotlin, Swift, Java, C#, C++. W przesz\u0142o\u015bci zajmowa\u0142em si\u0119 r\u00f3wnie\u017c programowaniem sterownik\u00f3w przemys\u0142owych i automatyk\u0105 przeciwpo\u017carow\u0105 zarz\u0105dzan\u0105 przez kontroler marki Delta Controls w j\u0119zyku GCL+.<\/p>\n","protected":false},"excerpt":{"rendered":"<p>Je\u017celi potrzebujesz pomocy z projektem zwi\u0105zanym z programowaniem &#8211; ch\u0119tnie pomog\u0119. Posiadam wiedz\u0119 z zakresu pos\u0142ugiwania si\u0119 j\u0119zykami programowania takimi jak Kotlin, Swift, Java, C#, C++. W przesz\u0142o\u015bci zajmowa\u0142em si\u0119 r\u00f3wnie\u017c programowaniem sterownik\u00f3w przemys\u0142owych i automatyk\u0105 przeciwpo\u017carow\u0105 zarz\u0105dzan\u0105 przez kontroler marki Delta Controls w j\u0119zyku GCL+.<\/p>\n","protected":false},"author":1,"featured_media":111,"parent":0,"menu_order":0,"comment_status":"closed","ping_status":"closed","template":"","meta":{"footnotes":""},"class_list":["post-87","page","type-page","status-publish","has-post-thumbnail","hentry"],"yoast_head":"<!-- This site is optimized with the Yoast SEO plugin v27.4 - https:\/\/yoast.com\/product\/yoast-seo-wordpress\/ -->\n<title>... i nie tylko &#187; EMKAWARE<\/title>\n<meta name=\"robots\" content=\"noindex, follow\" \/>\n<meta property=\"og:locale\" content=\"pl_PL\" \/>\n<meta property=\"og:type\" content=\"article\" \/>\n<meta property=\"og:title\" content=\"... i nie tylko &#187; EMKAWARE\" \/>\n<meta property=\"og:description\" content=\"Je\u017celi potrzebujesz pomocy z projektem zwi\u0105zanym z programowaniem &#8211; ch\u0119tnie pomog\u0119. Posiadam wiedz\u0119 z zakresu pos\u0142ugiwania si\u0119 j\u0119zykami programowania takimi jak Kotlin, Swift, Java, C#, C++. W przesz\u0142o\u015bci zajmowa\u0142em si\u0119 r\u00f3wnie\u017c programowaniem sterownik\u00f3w przemys\u0142owych i automatyk\u0105 przeciwpo\u017carow\u0105 zarz\u0105dzan\u0105 przez kontroler marki Delta Controls w j\u0119zyku GCL+.\" \/>\n<meta property=\"og:url\" content=\"https:\/\/emkaware.eu\/?page_id=87\" \/>\n<meta property=\"og:site_name\" content=\"EMKAWARE\" \/>\n<meta property=\"article:modified_time\" content=\"2022-06-18T13:04:31+00:00\" \/>\n<meta property=\"og:image\" content=\"https:\/\/emkaware.eu\/wp-content\/uploads\/2018\/05\/laptop-3361063_1920.jpg\" \/>\n\t<meta property=\"og:image:width\" content=\"1920\" \/>\n\t<meta property=\"og:image:height\" content=\"1280\" \/>\n\t<meta property=\"og:image:type\" content=\"image\/jpeg\" \/>\n<meta name=\"twitter:card\" content=\"summary_large_image\" \/>\n<meta name=\"twitter:label1\" content=\"Szacowany czas czytania\" \/>\n\t<meta name=\"twitter:data1\" content=\"1 minuta\" \/>\n<script type=\"application\/ld+json\" class=\"yoast-schema-graph\">{\"@context\":\"https:\\\/\\\/schema.org\",\"@graph\":[{\"@type\":\"WebPage\",\"@id\":\"https:\\\/\\\/emkaware.eu\\\/?page_id=87\",\"url\":\"https:\\\/\\\/emkaware.eu\\\/?page_id=87\",\"name\":\"... i nie tylko &#187; EMKAWARE\",\"isPartOf\":{\"@id\":\"https:\\\/\\\/emkaware.eu\\\/#website\"},\"primaryImageOfPage\":{\"@id\":\"https:\\\/\\\/emkaware.eu\\\/?page_id=87#primaryimage\"},\"image\":{\"@id\":\"https:\\\/\\\/emkaware.eu\\\/?page_id=87#primaryimage\"},\"thumbnailUrl\":\"https:\\\/\\\/emkaware.eu\\\/wp-content\\\/uploads\\\/2018\\\/05\\\/laptop-3361063_1920.jpg\",\"datePublished\":\"2018-05-15T09:21:42+00:00\",\"dateModified\":\"2022-06-18T13:04:31+00:00\",\"breadcrumb\":{\"@id\":\"https:\\\/\\\/emkaware.eu\\\/?page_id=87#breadcrumb\"},\"inLanguage\":\"pl-PL\",\"potentialAction\":[{\"@type\":\"ReadAction\",\"target\":[\"https:\\\/\\\/emkaware.eu\\\/?page_id=87\"]}]},{\"@type\":\"ImageObject\",\"inLanguage\":\"pl-PL\",\"@id\":\"https:\\\/\\\/emkaware.eu\\\/?page_id=87#primaryimage\",\"url\":\"https:\\\/\\\/emkaware.eu\\\/wp-content\\\/uploads\\\/2018\\\/05\\\/laptop-3361063_1920.jpg\",\"contentUrl\":\"https:\\\/\\\/emkaware.eu\\\/wp-content\\\/uploads\\\/2018\\\/05\\\/laptop-3361063_1920.jpg\",\"width\":1920,\"height\":1280},{\"@type\":\"BreadcrumbList\",\"@id\":\"https:\\\/\\\/emkaware.eu\\\/?page_id=87#breadcrumb\",\"itemListElement\":[{\"@type\":\"ListItem\",\"position\":1,\"name\":\"Strona g\u0142\u00f3wna\",\"item\":\"https:\\\/\\\/emkaware.eu\\\/\"},{\"@type\":\"ListItem\",\"position\":2,\"name\":\"&#8230; i nie tylko\"}]},{\"@type\":\"WebSite\",\"@id\":\"https:\\\/\\\/emkaware.eu\\\/#website\",\"url\":\"https:\\\/\\\/emkaware.eu\\\/\",\"name\":\"EMKAWARE\",\"description\":\"Us\u0142ugi programistyczne Marcin Kucza\u0142a\",\"publisher\":{\"@id\":\"https:\\\/\\\/emkaware.eu\\\/#organization\"},\"potentialAction\":[{\"@type\":\"SearchAction\",\"target\":{\"@type\":\"EntryPoint\",\"urlTemplate\":\"https:\\\/\\\/emkaware.eu\\\/?s={search_term_string}\"},\"query-input\":{\"@type\":\"PropertyValueSpecification\",\"valueRequired\":true,\"valueName\":\"search_term_string\"}}],\"inLanguage\":\"pl-PL\"},{\"@type\":\"Organization\",\"@id\":\"https:\\\/\\\/emkaware.eu\\\/#organization\",\"name\":\"EMKAWARE\",\"url\":\"https:\\\/\\\/emkaware.eu\\\/\",\"logo\":{\"@type\":\"ImageObject\",\"inLanguage\":\"pl-PL\",\"@id\":\"https:\\\/\\\/emkaware.eu\\\/#\\\/schema\\\/logo\\\/image\\\/\",\"url\":\"https:\\\/\\\/emkaware.eu\\\/wp-content\\\/uploads\\\/2018\\\/05\\\/Logo-firmy-13-bez-t\u0142a.png\",\"contentUrl\":\"https:\\\/\\\/emkaware.eu\\\/wp-content\\\/uploads\\\/2018\\\/05\\\/Logo-firmy-13-bez-t\u0142a.png\",\"width\":3634,\"height\":963,\"caption\":\"EMKAWARE\"},\"image\":{\"@id\":\"https:\\\/\\\/emkaware.eu\\\/#\\\/schema\\\/logo\\\/image\\\/\"}}]}<\/script>\n<!-- \/ Yoast SEO plugin. -->","yoast_head_json":{"title":"... i nie tylko &#187; EMKAWARE","robots":{"index":"noindex","follow":"follow"},"og_locale":"pl_PL","og_type":"article","og_title":"... i nie tylko &#187; EMKAWARE","og_description":"Je\u017celi potrzebujesz pomocy z projektem zwi\u0105zanym z programowaniem &#8211; ch\u0119tnie pomog\u0119. Posiadam wiedz\u0119 z zakresu pos\u0142ugiwania si\u0119 j\u0119zykami programowania takimi jak Kotlin, Swift, Java, C#, C++. W przesz\u0142o\u015bci zajmowa\u0142em si\u0119 r\u00f3wnie\u017c programowaniem sterownik\u00f3w przemys\u0142owych i automatyk\u0105 przeciwpo\u017carow\u0105 zarz\u0105dzan\u0105 przez kontroler marki Delta Controls w j\u0119zyku GCL+.","og_url":"https:\/\/emkaware.eu\/?page_id=87","og_site_name":"EMKAWARE","article_modified_time":"2022-06-18T13:04:31+00:00","og_image":[{"width":1920,"height":1280,"url":"https:\/\/emkaware.eu\/wp-content\/uploads\/2018\/05\/laptop-3361063_1920.jpg","type":"image\/jpeg"}],"twitter_card":"summary_large_image","twitter_misc":{"Szacowany czas czytania":"1 minuta"},"schema":{"@context":"https:\/\/schema.org","@graph":[{"@type":"WebPage","@id":"https:\/\/emkaware.eu\/?page_id=87","url":"https:\/\/emkaware.eu\/?page_id=87","name":"... i nie tylko &#187; EMKAWARE","isPartOf":{"@id":"https:\/\/emkaware.eu\/#website"},"primaryImageOfPage":{"@id":"https:\/\/emkaware.eu\/?page_id=87#primaryimage"},"image":{"@id":"https:\/\/emkaware.eu\/?page_id=87#primaryimage"},"thumbnailUrl":"https:\/\/emkaware.eu\/wp-content\/uploads\/2018\/05\/laptop-3361063_1920.jpg","datePublished":"2018-05-15T09:21:42+00:00","dateModified":"2022-06-18T13:04:31+00:00","breadcrumb":{"@id":"https:\/\/emkaware.eu\/?page_id=87#breadcrumb"},"inLanguage":"pl-PL","potentialAction":[{"@type":"ReadAction","target":["https:\/\/emkaware.eu\/?page_id=87"]}]},{"@type":"ImageObject","inLanguage":"pl-PL","@id":"https:\/\/emkaware.eu\/?page_id=87#primaryimage","url":"https:\/\/emkaware.eu\/wp-content\/uploads\/2018\/05\/laptop-3361063_1920.jpg","contentUrl":"https:\/\/emkaware.eu\/wp-content\/uploads\/2018\/05\/laptop-3361063_1920.jpg","width":1920,"height":1280},{"@type":"BreadcrumbList","@id":"https:\/\/emkaware.eu\/?page_id=87#breadcrumb","itemListElement":[{"@type":"ListItem","position":1,"name":"Strona g\u0142\u00f3wna","item":"https:\/\/emkaware.eu\/"},{"@type":"ListItem","position":2,"name":"&#8230; i nie tylko"}]},{"@type":"WebSite","@id":"https:\/\/emkaware.eu\/#website","url":"https:\/\/emkaware.eu\/","name":"EMKAWARE","description":"Us\u0142ugi programistyczne Marcin Kucza\u0142a","publisher":{"@id":"https:\/\/emkaware.eu\/#organization"},"potentialAction":[{"@type":"SearchAction","target":{"@type":"EntryPoint","urlTemplate":"https:\/\/emkaware.eu\/?s={search_term_string}"},"query-input":{"@type":"PropertyValueSpecification","valueRequired":true,"valueName":"search_term_string"}}],"inLanguage":"pl-PL"},{"@type":"Organization","@id":"https:\/\/emkaware.eu\/#organization","name":"EMKAWARE","url":"https:\/\/emkaware.eu\/","logo":{"@type":"ImageObject","inLanguage":"pl-PL","@id":"https:\/\/emkaware.eu\/#\/schema\/logo\/image\/","url":"https:\/\/emkaware.eu\/wp-content\/uploads\/2018\/05\/Logo-firmy-13-bez-t\u0142a.png","contentUrl":"https:\/\/emkaware.eu\/wp-content\/uploads\/2018\/05\/Logo-firmy-13-bez-t\u0142a.png","width":3634,"height":963,"caption":"EMKAWARE"},"image":{"@id":"https:\/\/emkaware.eu\/#\/schema\/logo\/image\/"}}]}},"_links":{"self":[{"href":"https:\/\/emkaware.eu\/index.php?rest_route=\/wp\/v2\/pages\/87","targetHints":{"allow":["GET"]}}],"collection":[{"href":"https:\/\/emkaware.eu\/index.php?rest_route=\/wp\/v2\/pages"}],"about":[{"href":"https:\/\/emkaware.eu\/index.php?rest_route=\/wp\/v2\/types\/page"}],"author":[{"embeddable":true,"href":"https:\/\/emkaware.eu\/index.php?rest_route=\/wp\/v2\/users\/1"}],"replies":[{"embeddable":true,"href":"https:\/\/emkaware.eu\/index.php?rest_route=%2Fwp%2Fv2%2Fcomments&post=87"}],"version-history":[{"count":4,"href":"https:\/\/emkaware.eu\/index.php?rest_route=\/wp\/v2\/pages\/87\/revisions"}],"predecessor-version":[{"id":202,"href":"https:\/\/emkaware.eu\/index.php?rest_route=\/wp\/v2\/pages\/87\/revisions\/202"}],"wp:featuredmedia":[{"embeddable":true,"href":"https:\/\/emkaware.eu\/index.php?rest_route=\/wp\/v2\/media\/111"}],"wp:attachment":[{"href":"https:\/\/emkaware.eu\/index.php?rest_route=%2Fwp%2Fv2%2Fmedia&parent=87"}],"curies":[{"name":"wp","href":"https:\/\/api.w.org\/{rel}","templated":true}]}}