{"id":9,"date":"2018-05-04T20:08:16","date_gmt":"2018-05-04T18:08:16","guid":{"rendered":"http:\/\/emkaware-serwer.xaa.pl\/?page_id=9"},"modified":"2018-05-15T12:19:50","modified_gmt":"2018-05-15T10:19:50","slug":"kontakt","status":"publish","type":"page","link":"https:\/\/emkaware.eu\/?page_id=9","title":{"rendered":"Kontakt"},"content":{"rendered":"<p><strong>Adres biura:<br \/>\n<\/strong>N\u0119ck\u00f3wka 10A<br \/>\n38-340 Biecz<\/p>\n<p><strong>Numer telefonu:<br \/>\n<\/strong><a href=\"tel:514-439-888\">514-439-888<\/a><\/p>\n<p><strong>Adres e-mail:<br \/>\n<\/strong><a href=\"mailto:kontakt@emkaware.eu\">kontakt@emkaware.eu<\/a><\/p>\n<p>Aby si\u0119 ze mn\u0105 skontaktowa\u0107 mo\u017cna r\u00f3wnie\u017c skorzysta\u0107 z poni\u017cszego formularza:<\/p>\n<div class=\"cf7sg-container cf7sg-not-grid\"><div id=\"cf7sg-form-formularz-1\" class=\" key_formularz-1\">\n<div class=\"wpcf7 no-js\" id=\"wpcf7-f27-o1\" lang=\"pl-PL\" dir=\"ltr\" data-wpcf7-id=\"27\">\n<div class=\"screen-reader-response\"><p role=\"status\" aria-live=\"polite\" aria-atomic=\"true\"><\/p> <ul><\/ul><\/div>\n<form action=\"\/index.php?rest_route=%2Fwp%2Fv2%2Fpages%2F9#wpcf7-f27-o1\" method=\"post\" class=\"wpcf7-form init\" aria-label=\"Formularz kontaktowy\" novalidate=\"novalidate\" data-status=\"init\">\n<fieldset class=\"hidden-fields-container\"><input type=\"hidden\" name=\"_wpcf7\" value=\"27\" \/><input type=\"hidden\" name=\"_wpcf7_version\" value=\"6.1.5\" \/><input type=\"hidden\" name=\"_wpcf7_locale\" value=\"pl_PL\" \/><input type=\"hidden\" name=\"_wpcf7_unit_tag\" value=\"wpcf7-f27-o1\" \/><input type=\"hidden\" name=\"_wpcf7_container_post\" value=\"0\" \/><input type=\"hidden\" name=\"_wpcf7_posted_data_hash\" value=\"\" \/><input type=\"hidden\" name=\"_wpcf7_key\" value=\"formularz-1\" \/><input type=\"hidden\" name=\"_cf7sg_toggles\" value=\"\" \/><input type=\"hidden\" name=\"_cf7sg_version\" value=\"4.15.8\" \/><input type=\"hidden\" name=\"_wpnonce\" value=\"73fec30735\" \/><input type=\"hidden\" name=\"_wpcf7_lang\" \/>\n<\/fieldset>\n<p><label> Imi\u0119 i nazwisko<br \/>\n<span class=\"wpcf7-form-control-wrap\" data-name=\"your-name\"><input size=\"40\" maxlength=\"400\" class=\"wpcf7-form-control wpcf7-text wpcf7-validates-as-required\" aria-required=\"true\" aria-invalid=\"false\" value=\"\" type=\"text\" name=\"your-name\" \/><\/span> <\/label>\n<\/p>\n<p><label> Adres email<br \/>\n<span class=\"wpcf7-form-control-wrap\" data-name=\"your-email\"><input size=\"40\" maxlength=\"400\" class=\"wpcf7-form-control wpcf7-email wpcf7-validates-as-required wpcf7-text wpcf7-validates-as-email\" aria-required=\"true\" aria-invalid=\"false\" value=\"\" type=\"email\" name=\"your-email\" \/><\/span> <\/label>\n<\/p>\n<p><label> Temat<br \/>\n<span class=\"wpcf7-form-control-wrap\" data-name=\"your-subject\"><input size=\"40\" maxlength=\"400\" class=\"wpcf7-form-control wpcf7-text wpcf7-validates-as-required\" aria-required=\"true\" aria-invalid=\"false\" value=\"\" type=\"text\" name=\"your-subject\" \/><\/span> <\/label>\n<\/p>\n<p><label> Tre\u015b\u0107 wiadomo\u015bci<br \/>\n<span class=\"wpcf7-form-control-wrap\" data-name=\"your-message\"><textarea cols=\"40\" rows=\"10\" maxlength=\"2000\" class=\"wpcf7-form-control wpcf7-textarea wpcf7-validates-as-required\" aria-required=\"true\" aria-invalid=\"false\" name=\"your-message\"><\/textarea><\/span> <\/label>\n<\/p>\n<p><input class=\"wpcf7-form-control wpcf7-submit has-spinner\" type=\"submit\" value=\"Wy\u015blij\" \/>\n<\/p><div class=\"wpcf7-response-output\" aria-hidden=\"true\"><\/div>\n<\/form>\n<\/div>\n<\/div><\/div>\n","protected":false},"excerpt":{"rendered":"<p>Adres biura: N\u0119ck\u00f3wka 10A 38-340 Biecz Numer telefonu: 514-439-888 Adres e-mail: kontakt@emkaware.eu Aby si\u0119 ze mn\u0105 skontaktowa\u0107 mo\u017cna r\u00f3wnie\u017c skorzysta\u0107 z poni\u017cszego formularza:<\/p>\n","protected":false},"author":1,"featured_media":0,"parent":0,"menu_order":0,"comment_status":"closed","ping_status":"closed","template":"","meta":{"footnotes":""},"class_list":["post-9","page","type-page","status-publish","hentry"],"yoast_head":"<!-- This site is optimized with the Yoast SEO plugin v27.4 - https:\/\/yoast.com\/product\/yoast-seo-wordpress\/ -->\n<title>Kontakt &#187; EMKAWARE<\/title>\n<meta name=\"robots\" content=\"noindex, follow\" \/>\n<meta property=\"og:locale\" content=\"pl_PL\" \/>\n<meta property=\"og:type\" content=\"article\" \/>\n<meta property=\"og:title\" content=\"Kontakt &#187; EMKAWARE\" \/>\n<meta property=\"og:description\" content=\"Adres biura: N\u0119ck\u00f3wka 10A 38-340 Biecz Numer telefonu: 514-439-888 Adres e-mail: kontakt@emkaware.eu Aby si\u0119 ze mn\u0105 skontaktowa\u0107 mo\u017cna r\u00f3wnie\u017c skorzysta\u0107 z poni\u017cszego formularza:\" \/>\n<meta property=\"og:url\" content=\"https:\/\/emkaware.eu\/?page_id=9\" \/>\n<meta property=\"og:site_name\" content=\"EMKAWARE\" \/>\n<meta property=\"article:modified_time\" content=\"2018-05-15T10:19:50+00:00\" \/>\n<meta name=\"twitter:card\" content=\"summary_large_image\" \/>\n<script type=\"application\/ld+json\" class=\"yoast-schema-graph\">{\"@context\":\"https:\\\/\\\/schema.org\",\"@graph\":[{\"@type\":\"WebPage\",\"@id\":\"https:\\\/\\\/emkaware.eu\\\/?page_id=9\",\"url\":\"https:\\\/\\\/emkaware.eu\\\/?page_id=9\",\"name\":\"Kontakt &#187; EMKAWARE\",\"isPartOf\":{\"@id\":\"https:\\\/\\\/emkaware.eu\\\/#website\"},\"datePublished\":\"2018-05-04T18:08:16+00:00\",\"dateModified\":\"2018-05-15T10:19:50+00:00\",\"breadcrumb\":{\"@id\":\"https:\\\/\\\/emkaware.eu\\\/?page_id=9#breadcrumb\"},\"inLanguage\":\"pl-PL\",\"potentialAction\":[{\"@type\":\"ReadAction\",\"target\":[\"https:\\\/\\\/emkaware.eu\\\/?page_id=9\"]}]},{\"@type\":\"BreadcrumbList\",\"@id\":\"https:\\\/\\\/emkaware.eu\\\/?page_id=9#breadcrumb\",\"itemListElement\":[{\"@type\":\"ListItem\",\"position\":1,\"name\":\"Strona g\u0142\u00f3wna\",\"item\":\"https:\\\/\\\/emkaware.eu\\\/\"},{\"@type\":\"ListItem\",\"position\":2,\"name\":\"Kontakt\"}]},{\"@type\":\"WebSite\",\"@id\":\"https:\\\/\\\/emkaware.eu\\\/#website\",\"url\":\"https:\\\/\\\/emkaware.eu\\\/\",\"name\":\"EMKAWARE\",\"description\":\"Us\u0142ugi programistyczne Marcin Kucza\u0142a\",\"publisher\":{\"@id\":\"https:\\\/\\\/emkaware.eu\\\/#organization\"},\"potentialAction\":[{\"@type\":\"SearchAction\",\"target\":{\"@type\":\"EntryPoint\",\"urlTemplate\":\"https:\\\/\\\/emkaware.eu\\\/?s={search_term_string}\"},\"query-input\":{\"@type\":\"PropertyValueSpecification\",\"valueRequired\":true,\"valueName\":\"search_term_string\"}}],\"inLanguage\":\"pl-PL\"},{\"@type\":\"Organization\",\"@id\":\"https:\\\/\\\/emkaware.eu\\\/#organization\",\"name\":\"EMKAWARE\",\"url\":\"https:\\\/\\\/emkaware.eu\\\/\",\"logo\":{\"@type\":\"ImageObject\",\"inLanguage\":\"pl-PL\",\"@id\":\"https:\\\/\\\/emkaware.eu\\\/#\\\/schema\\\/logo\\\/image\\\/\",\"url\":\"https:\\\/\\\/emkaware.eu\\\/wp-content\\\/uploads\\\/2018\\\/05\\\/Logo-firmy-13-bez-t\u0142a.png\",\"contentUrl\":\"https:\\\/\\\/emkaware.eu\\\/wp-content\\\/uploads\\\/2018\\\/05\\\/Logo-firmy-13-bez-t\u0142a.png\",\"width\":3634,\"height\":963,\"caption\":\"EMKAWARE\"},\"image\":{\"@id\":\"https:\\\/\\\/emkaware.eu\\\/#\\\/schema\\\/logo\\\/image\\\/\"}}]}<\/script>\n<!-- \/ Yoast SEO plugin. -->","yoast_head_json":{"title":"Kontakt &#187; EMKAWARE","robots":{"index":"noindex","follow":"follow"},"og_locale":"pl_PL","og_type":"article","og_title":"Kontakt &#187; EMKAWARE","og_description":"Adres biura: N\u0119ck\u00f3wka 10A 38-340 Biecz Numer telefonu: 514-439-888 Adres e-mail: kontakt@emkaware.eu Aby si\u0119 ze mn\u0105 skontaktowa\u0107 mo\u017cna r\u00f3wnie\u017c skorzysta\u0107 z poni\u017cszego formularza:","og_url":"https:\/\/emkaware.eu\/?page_id=9","og_site_name":"EMKAWARE","article_modified_time":"2018-05-15T10:19:50+00:00","twitter_card":"summary_large_image","schema":{"@context":"https:\/\/schema.org","@graph":[{"@type":"WebPage","@id":"https:\/\/emkaware.eu\/?page_id=9","url":"https:\/\/emkaware.eu\/?page_id=9","name":"Kontakt &#187; EMKAWARE","isPartOf":{"@id":"https:\/\/emkaware.eu\/#website"},"datePublished":"2018-05-04T18:08:16+00:00","dateModified":"2018-05-15T10:19:50+00:00","breadcrumb":{"@id":"https:\/\/emkaware.eu\/?page_id=9#breadcrumb"},"inLanguage":"pl-PL","potentialAction":[{"@type":"ReadAction","target":["https:\/\/emkaware.eu\/?page_id=9"]}]},{"@type":"BreadcrumbList","@id":"https:\/\/emkaware.eu\/?page_id=9#breadcrumb","itemListElement":[{"@type":"ListItem","position":1,"name":"Strona g\u0142\u00f3wna","item":"https:\/\/emkaware.eu\/"},{"@type":"ListItem","position":2,"name":"Kontakt"}]},{"@type":"WebSite","@id":"https:\/\/emkaware.eu\/#website","url":"https:\/\/emkaware.eu\/","name":"EMKAWARE","description":"Us\u0142ugi programistyczne Marcin Kucza\u0142a","publisher":{"@id":"https:\/\/emkaware.eu\/#organization"},"potentialAction":[{"@type":"SearchAction","target":{"@type":"EntryPoint","urlTemplate":"https:\/\/emkaware.eu\/?s={search_term_string}"},"query-input":{"@type":"PropertyValueSpecification","valueRequired":true,"valueName":"search_term_string"}}],"inLanguage":"pl-PL"},{"@type":"Organization","@id":"https:\/\/emkaware.eu\/#organization","name":"EMKAWARE","url":"https:\/\/emkaware.eu\/","logo":{"@type":"ImageObject","inLanguage":"pl-PL","@id":"https:\/\/emkaware.eu\/#\/schema\/logo\/image\/","url":"https:\/\/emkaware.eu\/wp-content\/uploads\/2018\/05\/Logo-firmy-13-bez-t\u0142a.png","contentUrl":"https:\/\/emkaware.eu\/wp-content\/uploads\/2018\/05\/Logo-firmy-13-bez-t\u0142a.png","width":3634,"height":963,"caption":"EMKAWARE"},"image":{"@id":"https:\/\/emkaware.eu\/#\/schema\/logo\/image\/"}}]}},"_links":{"self":[{"href":"https:\/\/emkaware.eu\/index.php?rest_route=\/wp\/v2\/pages\/9","targetHints":{"allow":["GET"]}}],"collection":[{"href":"https:\/\/emkaware.eu\/index.php?rest_route=\/wp\/v2\/pages"}],"about":[{"href":"https:\/\/emkaware.eu\/index.php?rest_route=\/wp\/v2\/types\/page"}],"author":[{"embeddable":true,"href":"https:\/\/emkaware.eu\/index.php?rest_route=\/wp\/v2\/users\/1"}],"replies":[{"embeddable":true,"href":"https:\/\/emkaware.eu\/index.php?rest_route=%2Fwp%2Fv2%2Fcomments&post=9"}],"version-history":[{"count":7,"href":"https:\/\/emkaware.eu\/index.php?rest_route=\/wp\/v2\/pages\/9\/revisions"}],"predecessor-version":[{"id":103,"href":"https:\/\/emkaware.eu\/index.php?rest_route=\/wp\/v2\/pages\/9\/revisions\/103"}],"wp:attachment":[{"href":"https:\/\/emkaware.eu\/index.php?rest_route=%2Fwp%2Fv2%2Fmedia&parent=9"}],"curies":[{"name":"wp","href":"https:\/\/api.w.org\/{rel}","templated":true}]}}